{"id":290,"date":"2018-04-11T08:25:32","date_gmt":"2018-04-11T08:25:32","guid":{"rendered":"http:\/\/karzol.hu\/?page_id=290\/"},"modified":"2018-05-15T13:30:52","modified_gmt":"2018-05-15T13:30:52","slug":"impress","status":"publish","type":"page","link":"https:\/\/karzol.hu\/en\/impress\/","title":{"rendered":"Impress"},"content":{"rendered":"<p><strong>THE OPERATOR&#8217;S DATA<\/strong><\/p>\n<p>Operator&#8217;s name:\u00a0KARZOL-TRANS Nemzetk\u00f6zi Fuvaroz\u00e1s Korl\u00e1tolt Felel\u0151ss\u00e9g\u0171 T\u00e1rsas\u00e1g<br \/>\nOperator&#8217;s short name: KARZOL-TRANS Ltd.<br \/>\nOperator&#8217;s seat: 2233 Ecser, Karzol utca 1.<br \/>\nOperator&#8217;s Address: 2233 Ecser, Karzol utca 1.<br \/>\nRegistration number of the operating company:\u00a013-09-081639<br \/>\nTax number of the operator: 12200128-2-13<br \/>\nEU tax number of the operator: HU12200128<\/p>\n<p>Operator bank account number:<br \/>\nIBAN : \u00a0EUR\u00a0 HU60 1080 0007 9000 0000 1418 9017<br \/>\nBIC (SWIFT): \u00a0CITIHUHX<\/p>\n<p><strong>THE SERVICE SUPPLIER OF THE OPERATING WEB SITE<\/strong><\/p>\n<p>Name: T\u00e1rhely.Eu Szolg\u00e1ltat\u00f3 Kft.<br \/>\nAddress: Budapest, XIII. ker\u00fclet, Visegr\u00e1di utca 80\/A.<br \/>\nEmail c\u00edm:\u00a0<a href=\"mailto:support@tarhely.eu\">support@tarhely.eu<\/a><\/p>\n","protected":false},"excerpt":{"rendered":"<p>THE OPERATOR&#8217;S DATA Operator&#8217;s name:\u00a0KARZOL-TRANS Nemzetk\u00f6zi Fuvaroz\u00e1s Korl\u00e1tolt Felel\u0151ss\u00e9g\u0171 T\u00e1rsas\u00e1g Operator&#8217;s short name: KARZOL-TRANS Ltd. Operator&#8217;s seat: 2233 Ecser, Karzol utca 1. Operator&#8217;s Address: 2233 Ecser, Karzol utca 1. Registration number of the operating company:\u00a013-09-081639 Tax number of the operator: 12200128-2-13 EU tax number of the operator: HU12200128 Operator bank account number: IBAN : \u00a0EUR\u00a0 [&hellip;]<\/p>\n","protected":false},"author":1,"featured_media":0,"parent":0,"menu_order":0,"comment_status":"closed","ping_status":"closed","template":"","meta":{"_acf_changed":false,"footnotes":""},"class_list":["post-290","page","type-page","status-publish","hentry"],"acf":[],"yoast_head":"<!-- This site is optimized with the Yoast SEO Premium plugin v27.3 (Yoast SEO v27.3) - https:\/\/yoast.com\/product\/yoast-seo-premium-wordpress\/ -->\n<title>Impress - Karzol<\/title>\n<meta name=\"robots\" content=\"index, follow, max-snippet:-1, max-image-preview:large, max-video-preview:-1\" \/>\n<link rel=\"canonical\" href=\"https:\/\/karzol.hu\/en\/impress\/\" \/>\n<meta property=\"og:locale\" content=\"en_US\" \/>\n<meta property=\"og:type\" content=\"article\" \/>\n<meta property=\"og:title\" content=\"Impress\" \/>\n<meta property=\"og:description\" content=\"THE OPERATOR&#8217;S DATA Operator&#8217;s name:\u00a0KARZOL-TRANS Nemzetk\u00f6zi Fuvaroz\u00e1s Korl\u00e1tolt Felel\u0151ss\u00e9g\u0171 T\u00e1rsas\u00e1g Operator&#8217;s short name: KARZOL-TRANS Ltd. Operator&#8217;s seat: 2233 Ecser, Karzol utca 1. Operator&#8217;s Address: 2233 Ecser, Karzol utca 1. Registration number of the operating company:\u00a013-09-081639 Tax number of the operator: 12200128-2-13 EU tax number of the operator: HU12200128 Operator bank account number: IBAN : \u00a0EUR\u00a0 [&hellip;]\" \/>\n<meta property=\"og:url\" content=\"https:\/\/karzol.hu\/en\/impress\/\" \/>\n<meta property=\"og:site_name\" content=\"Karzol\" \/>\n<meta property=\"article:modified_time\" content=\"2018-05-15T13:30:52+00:00\" \/>\n<meta name=\"twitter:card\" content=\"summary_large_image\" \/>\n<script type=\"application\/ld+json\" class=\"yoast-schema-graph\">{\"@context\":\"https:\\\/\\\/schema.org\",\"@graph\":[{\"@type\":\"WebPage\",\"@id\":\"https:\\\/\\\/karzol.hu\\\/en\\\/impress\\\/\",\"url\":\"https:\\\/\\\/karzol.hu\\\/en\\\/impress\\\/\",\"name\":\"Impress - Karzol\",\"isPartOf\":{\"@id\":\"https:\\\/\\\/karzol.hu\\\/#website\"},\"datePublished\":\"2018-04-11T08:25:32+00:00\",\"dateModified\":\"2018-05-15T13:30:52+00:00\",\"breadcrumb\":{\"@id\":\"https:\\\/\\\/karzol.hu\\\/en\\\/impress\\\/#breadcrumb\"},\"inLanguage\":\"en-US\",\"potentialAction\":[{\"@type\":\"ReadAction\",\"target\":[\"https:\\\/\\\/karzol.hu\\\/en\\\/impress\\\/\"]}]},{\"@type\":\"BreadcrumbList\",\"@id\":\"https:\\\/\\\/karzol.hu\\\/en\\\/impress\\\/#breadcrumb\",\"itemListElement\":[{\"@type\":\"ListItem\",\"position\":1,\"name\":\"Home\",\"item\":\"https:\\\/\\\/karzol.hu\\\/en\\\/\"},{\"@type\":\"ListItem\",\"position\":2,\"name\":\"Impress\"}]},{\"@type\":\"WebSite\",\"@id\":\"https:\\\/\\\/karzol.hu\\\/#website\",\"url\":\"https:\\\/\\\/karzol.hu\\\/\",\"name\":\"Karzol\",\"description\":\"\",\"potentialAction\":[{\"@type\":\"SearchAction\",\"target\":{\"@type\":\"EntryPoint\",\"urlTemplate\":\"https:\\\/\\\/karzol.hu\\\/?s={search_term_string}\"},\"query-input\":{\"@type\":\"PropertyValueSpecification\",\"valueRequired\":true,\"valueName\":\"search_term_string\"}}],\"inLanguage\":\"en-US\"}]}<\/script>\n<!-- \/ Yoast SEO Premium plugin. -->","yoast_head_json":{"title":"Impress - Karzol","robots":{"index":"index","follow":"follow","max-snippet":"max-snippet:-1","max-image-preview":"max-image-preview:large","max-video-preview":"max-video-preview:-1"},"canonical":"https:\/\/karzol.hu\/en\/impress\/","og_locale":"en_US","og_type":"article","og_title":"Impress","og_description":"THE OPERATOR&#8217;S DATA Operator&#8217;s name:\u00a0KARZOL-TRANS Nemzetk\u00f6zi Fuvaroz\u00e1s Korl\u00e1tolt Felel\u0151ss\u00e9g\u0171 T\u00e1rsas\u00e1g Operator&#8217;s short name: KARZOL-TRANS Ltd. Operator&#8217;s seat: 2233 Ecser, Karzol utca 1. Operator&#8217;s Address: 2233 Ecser, Karzol utca 1. Registration number of the operating company:\u00a013-09-081639 Tax number of the operator: 12200128-2-13 EU tax number of the operator: HU12200128 Operator bank account number: IBAN : \u00a0EUR\u00a0 [&hellip;]","og_url":"https:\/\/karzol.hu\/en\/impress\/","og_site_name":"Karzol","article_modified_time":"2018-05-15T13:30:52+00:00","twitter_card":"summary_large_image","schema":{"@context":"https:\/\/schema.org","@graph":[{"@type":"WebPage","@id":"https:\/\/karzol.hu\/en\/impress\/","url":"https:\/\/karzol.hu\/en\/impress\/","name":"Impress - Karzol","isPartOf":{"@id":"https:\/\/karzol.hu\/#website"},"datePublished":"2018-04-11T08:25:32+00:00","dateModified":"2018-05-15T13:30:52+00:00","breadcrumb":{"@id":"https:\/\/karzol.hu\/en\/impress\/#breadcrumb"},"inLanguage":"en-US","potentialAction":[{"@type":"ReadAction","target":["https:\/\/karzol.hu\/en\/impress\/"]}]},{"@type":"BreadcrumbList","@id":"https:\/\/karzol.hu\/en\/impress\/#breadcrumb","itemListElement":[{"@type":"ListItem","position":1,"name":"Home","item":"https:\/\/karzol.hu\/en\/"},{"@type":"ListItem","position":2,"name":"Impress"}]},{"@type":"WebSite","@id":"https:\/\/karzol.hu\/#website","url":"https:\/\/karzol.hu\/","name":"Karzol","description":"","potentialAction":[{"@type":"SearchAction","target":{"@type":"EntryPoint","urlTemplate":"https:\/\/karzol.hu\/?s={search_term_string}"},"query-input":{"@type":"PropertyValueSpecification","valueRequired":true,"valueName":"search_term_string"}}],"inLanguage":"en-US"}]}},"_links":{"self":[{"href":"https:\/\/karzol.hu\/en\/wp-json\/wp\/v2\/pages\/290","targetHints":{"allow":["GET"]}}],"collection":[{"href":"https:\/\/karzol.hu\/en\/wp-json\/wp\/v2\/pages"}],"about":[{"href":"https:\/\/karzol.hu\/en\/wp-json\/wp\/v2\/types\/page"}],"author":[{"embeddable":true,"href":"https:\/\/karzol.hu\/en\/wp-json\/wp\/v2\/users\/1"}],"replies":[{"embeddable":true,"href":"https:\/\/karzol.hu\/en\/wp-json\/wp\/v2\/comments?post=290"}],"version-history":[{"count":3,"href":"https:\/\/karzol.hu\/en\/wp-json\/wp\/v2\/pages\/290\/revisions"}],"predecessor-version":[{"id":322,"href":"https:\/\/karzol.hu\/en\/wp-json\/wp\/v2\/pages\/290\/revisions\/322"}],"wp:attachment":[{"href":"https:\/\/karzol.hu\/en\/wp-json\/wp\/v2\/media?parent=290"}],"curies":[{"name":"wp","href":"https:\/\/api.w.org\/{rel}","templated":true}]}}