{"id":487,"date":"2022-07-07T13:43:06","date_gmt":"2022-07-07T11:43:06","guid":{"rendered":"https:\/\/karzol.hu\/gongyolegmosas\/"},"modified":"2025-01-09T13:49:09","modified_gmt":"2025-01-09T12:49:09","slug":"plastic-tray-washing","status":"publish","type":"page","link":"https:\/\/karzol.hu\/en\/plastic-tray-washing\/","title":{"rendered":"Plastic tray washing"},"content":{"rendered":"<p><iframe loading=\"lazy\" title=\"Karzol mos\u00f3 \u00fczem bemutat\u00f3 vide\u00f3_2021\" width=\"500\" height=\"281\" src=\"https:\/\/www.youtube.com\/embed\/HIb0SVRfxaA?start=1&#038;feature=oembed&#038;enablejsapi=1&#038;origin=https:\/\/karzol.hu\" frameborder=\"0\" allow=\"accelerometer; autoplay; clipboard-write; encrypted-media; gyroscope; picture-in-picture; web-share\" referrerpolicy=\"strict-origin-when-cross-origin\" allowfullscreen><\/iframe><\/p>\n","protected":false},"excerpt":{"rendered":"","protected":false},"author":1,"featured_media":0,"parent":0,"menu_order":0,"comment_status":"closed","ping_status":"closed","template":"page-2hasab.php","meta":{"_acf_changed":false,"footnotes":""},"class_list":["post-487","page","type-page","status-publish","hentry"],"acf":[],"yoast_head":"<!-- This site is optimized with the Yoast SEO Premium plugin v27.3 (Yoast SEO v27.3) - https:\/\/yoast.com\/product\/yoast-seo-premium-wordpress\/ -->\n<title>Plastic tray washing - Karzol<\/title>\n<meta name=\"description\" content=\"Reusable plastic tray cleaning and sorting with industrial washing maschines without contamination in the production line.\" \/>\n<meta name=\"robots\" content=\"index, follow, max-snippet:-1, max-image-preview:large, max-video-preview:-1\" \/>\n<link rel=\"canonical\" href=\"https:\/\/karzol.hu\/en\/plastic-tray-washing\/\" \/>\n<meta property=\"og:locale\" content=\"en_US\" \/>\n<meta property=\"og:type\" content=\"article\" \/>\n<meta property=\"og:title\" content=\"Plastic tray washing\" \/>\n<meta property=\"og:description\" content=\"Reusable plastic tray cleaning and sorting with industrial washing maschines without contamination in the production line.\" \/>\n<meta property=\"og:url\" content=\"https:\/\/karzol.hu\/en\/plastic-tray-washing\/\" \/>\n<meta property=\"og:site_name\" content=\"Karzol\" \/>\n<meta property=\"article:modified_time\" content=\"2025-01-09T12:49:09+00:00\" \/>\n<meta name=\"twitter:card\" content=\"summary_large_image\" \/>\n<meta name=\"twitter:label1\" content=\"Est. reading time\" \/>\n\t<meta name=\"twitter:data1\" content=\"1 minute\" \/>\n<script type=\"application\/ld+json\" class=\"yoast-schema-graph\">{\"@context\":\"https:\\\/\\\/schema.org\",\"@graph\":[{\"@type\":\"WebPage\",\"@id\":\"https:\\\/\\\/karzol.hu\\\/en\\\/plastic-tray-washing\\\/\",\"url\":\"https:\\\/\\\/karzol.hu\\\/en\\\/plastic-tray-washing\\\/\",\"name\":\"Plastic tray washing - Karzol\",\"isPartOf\":{\"@id\":\"https:\\\/\\\/karzol.hu\\\/#website\"},\"datePublished\":\"2022-07-07T11:43:06+00:00\",\"dateModified\":\"2025-01-09T12:49:09+00:00\",\"description\":\"Reusable plastic tray cleaning and sorting with industrial washing maschines without contamination in the production line.\",\"breadcrumb\":{\"@id\":\"https:\\\/\\\/karzol.hu\\\/en\\\/plastic-tray-washing\\\/#breadcrumb\"},\"inLanguage\":\"en-US\",\"potentialAction\":[{\"@type\":\"ReadAction\",\"target\":[\"https:\\\/\\\/karzol.hu\\\/en\\\/plastic-tray-washing\\\/\"]}]},{\"@type\":\"BreadcrumbList\",\"@id\":\"https:\\\/\\\/karzol.hu\\\/en\\\/plastic-tray-washing\\\/#breadcrumb\",\"itemListElement\":[{\"@type\":\"ListItem\",\"position\":1,\"name\":\"Home\",\"item\":\"https:\\\/\\\/karzol.hu\\\/en\\\/\"},{\"@type\":\"ListItem\",\"position\":2,\"name\":\"Plastic tray washing\"}]},{\"@type\":\"WebSite\",\"@id\":\"https:\\\/\\\/karzol.hu\\\/#website\",\"url\":\"https:\\\/\\\/karzol.hu\\\/\",\"name\":\"Karzol\",\"description\":\"\",\"potentialAction\":[{\"@type\":\"SearchAction\",\"target\":{\"@type\":\"EntryPoint\",\"urlTemplate\":\"https:\\\/\\\/karzol.hu\\\/?s={search_term_string}\"},\"query-input\":{\"@type\":\"PropertyValueSpecification\",\"valueRequired\":true,\"valueName\":\"search_term_string\"}}],\"inLanguage\":\"en-US\"}]}<\/script>\n<!-- \/ Yoast SEO Premium plugin. -->","yoast_head_json":{"title":"Plastic tray washing - Karzol","description":"Reusable plastic tray cleaning and sorting with industrial washing maschines without contamination in the production line.","robots":{"index":"index","follow":"follow","max-snippet":"max-snippet:-1","max-image-preview":"max-image-preview:large","max-video-preview":"max-video-preview:-1"},"canonical":"https:\/\/karzol.hu\/en\/plastic-tray-washing\/","og_locale":"en_US","og_type":"article","og_title":"Plastic tray washing","og_description":"Reusable plastic tray cleaning and sorting with industrial washing maschines without contamination in the production line.","og_url":"https:\/\/karzol.hu\/en\/plastic-tray-washing\/","og_site_name":"Karzol","article_modified_time":"2025-01-09T12:49:09+00:00","twitter_card":"summary_large_image","twitter_misc":{"Est. reading time":"1 minute"},"schema":{"@context":"https:\/\/schema.org","@graph":[{"@type":"WebPage","@id":"https:\/\/karzol.hu\/en\/plastic-tray-washing\/","url":"https:\/\/karzol.hu\/en\/plastic-tray-washing\/","name":"Plastic tray washing - Karzol","isPartOf":{"@id":"https:\/\/karzol.hu\/#website"},"datePublished":"2022-07-07T11:43:06+00:00","dateModified":"2025-01-09T12:49:09+00:00","description":"Reusable plastic tray cleaning and sorting with industrial washing maschines without contamination in the production line.","breadcrumb":{"@id":"https:\/\/karzol.hu\/en\/plastic-tray-washing\/#breadcrumb"},"inLanguage":"en-US","potentialAction":[{"@type":"ReadAction","target":["https:\/\/karzol.hu\/en\/plastic-tray-washing\/"]}]},{"@type":"BreadcrumbList","@id":"https:\/\/karzol.hu\/en\/plastic-tray-washing\/#breadcrumb","itemListElement":[{"@type":"ListItem","position":1,"name":"Home","item":"https:\/\/karzol.hu\/en\/"},{"@type":"ListItem","position":2,"name":"Plastic tray washing"}]},{"@type":"WebSite","@id":"https:\/\/karzol.hu\/#website","url":"https:\/\/karzol.hu\/","name":"Karzol","description":"","potentialAction":[{"@type":"SearchAction","target":{"@type":"EntryPoint","urlTemplate":"https:\/\/karzol.hu\/?s={search_term_string}"},"query-input":{"@type":"PropertyValueSpecification","valueRequired":true,"valueName":"search_term_string"}}],"inLanguage":"en-US"}]}},"_links":{"self":[{"href":"https:\/\/karzol.hu\/en\/wp-json\/wp\/v2\/pages\/487","targetHints":{"allow":["GET"]}}],"collection":[{"href":"https:\/\/karzol.hu\/en\/wp-json\/wp\/v2\/pages"}],"about":[{"href":"https:\/\/karzol.hu\/en\/wp-json\/wp\/v2\/types\/page"}],"author":[{"embeddable":true,"href":"https:\/\/karzol.hu\/en\/wp-json\/wp\/v2\/users\/1"}],"replies":[{"embeddable":true,"href":"https:\/\/karzol.hu\/en\/wp-json\/wp\/v2\/comments?post=487"}],"version-history":[{"count":10,"href":"https:\/\/karzol.hu\/en\/wp-json\/wp\/v2\/pages\/487\/revisions"}],"predecessor-version":[{"id":1032,"href":"https:\/\/karzol.hu\/en\/wp-json\/wp\/v2\/pages\/487\/revisions\/1032"}],"wp:attachment":[{"href":"https:\/\/karzol.hu\/en\/wp-json\/wp\/v2\/media?parent=487"}],"curies":[{"name":"wp","href":"https:\/\/api.w.org\/{rel}","templated":true}]}}